{"id":14,"date":"2023-12-22T21:01:33","date_gmt":"2023-12-23T00:01:33","guid":{"rendered":"https:\/\/excelenciaeditorial.com.br\/loja\/index.php\/carrinho\/"},"modified":"2023-12-23T12:29:36","modified_gmt":"2023-12-23T15:29:36","slug":"carrinho","status":"publish","type":"page","link":"https:\/\/excelenciaeditorial.com.br\/loja\/carrinho\/","title":{"rendered":"Carrinho"},"content":{"rendered":"\t\t<div data-elementor-type=\"wp-page\" data-elementor-id=\"14\" class=\"elementor elementor-14\" data-elementor-post-type=\"page\">\n\t\t\t\t<div class=\"elementor-element elementor-element-d1f3a39 e-flex e-con-boxed e-con e-parent\" data-id=\"d1f3a39\" data-element_type=\"container\" data-e-type=\"container\">\n\t\t\t\t\t<div class=\"e-con-inner\">\n\t\t\t\t\t<\/div>\n\t\t\t\t<\/div>\n\t\t\t\t<\/div>\n\t\t","protected":false},"excerpt":{"rendered":"<p>Remover item Imagem de miniatura Produto Pre\u00e7o Quantidade Subtotal &times; Adequa\u00e7\u00e3o \u00e0s normas das revistas cient\u00edficas &#8211; produto teste &#82;&#36;&nbsp;10,00 Adequa\u00e7\u00e3o \u00e0s normas das revistas cient\u00edficas &#8211; produto teste quantidade &#82;&#36;&nbsp;10,00 &times; Apresenta\u00e7\u00e3o em Slides &#8211; produto teste &#82;&#36;&nbsp;10,00 Apresenta\u00e7\u00e3o em Slides &#8211; produto teste quantidade &#82;&#36;&nbsp;10,00 &times; Assessoria de Imprensa &#8211; produto teste &#82;&#36;&nbsp;10,00 [&hellip;]<\/p>\n","protected":false},"author":1,"featured_media":0,"parent":0,"menu_order":0,"comment_status":"closed","ping_status":"closed","template":"","meta":{"footnotes":""},"class_list":["post-14","page","type-page","status-publish","hentry"],"_links":{"self":[{"href":"https:\/\/excelenciaeditorial.com.br\/loja\/wp-json\/wp\/v2\/pages\/14","targetHints":{"allow":["GET"]}}],"collection":[{"href":"https:\/\/excelenciaeditorial.com.br\/loja\/wp-json\/wp\/v2\/pages"}],"about":[{"href":"https:\/\/excelenciaeditorial.com.br\/loja\/wp-json\/wp\/v2\/types\/page"}],"author":[{"embeddable":true,"href":"https:\/\/excelenciaeditorial.com.br\/loja\/wp-json\/wp\/v2\/users\/1"}],"replies":[{"embeddable":true,"href":"https:\/\/excelenciaeditorial.com.br\/loja\/wp-json\/wp\/v2\/comments?post=14"}],"version-history":[{"count":0,"href":"https:\/\/excelenciaeditorial.com.br\/loja\/wp-json\/wp\/v2\/pages\/14\/revisions"}],"wp:attachment":[{"href":"https:\/\/excelenciaeditorial.com.br\/loja\/wp-json\/wp\/v2\/media?parent=14"}],"curies":[{"name":"wp","href":"https:\/\/api.w.org\/{rel}","templated":true}]}}