{"id":128,"date":"2023-12-23T00:37:48","date_gmt":"2023-12-23T03:37:48","guid":{"rendered":"https:\/\/excelenciaeditorial.com.br\/loja\/?post_type=product&#038;p=128"},"modified":"2024-06-18T15:34:56","modified_gmt":"2024-06-18T18:34:56","slug":"posts-personalizados","status":"publish","type":"product","link":"https:\/\/excelenciaeditorial.com.br\/loja\/produto\/posts-personalizados\/","title":{"rendered":"Posts Personalizados"},"content":{"rendered":"<p>&nbsp;<\/p>\n<p>\ud83c\udfa8\ud83d\udcf1 <strong>D\u00ea um Up no Seu Marketing Digital com Nosso Pack de Posts Personalizados!<\/strong> \ud83d\ude80<\/p>\n<p>Procurando elevar sua presen\u00e7a nas redes sociais? Nosso pack de posts personalizados \u00e9 a solu\u00e7\u00e3o ideal para manter seu feed vibrante, profissional e alinhado com a identidade da sua marca. Deixe-nos transformar a maneira como voc\u00ea se comunica online! \ud83d\udcbc\ud83c\udf08<\/p>\n<p>&nbsp;<\/p>\n<p>\ud83d\udc49 <strong>Por Que Escolher Nosso Pack de Posts?<\/strong><\/p>\n<ul>\n<li>\ud83d\udd8c\ufe0f <strong>Designs Criativos e \u00danicos:<\/strong> Criamos posts que refletem a personalidade e os valores da sua marca.<\/li>\n<li>\ud83d\udcc6 <strong>Consist\u00eancia e Frequ\u00eancia:<\/strong> Mantenha seu feed atualizado com conte\u00fado de qualidade regularmente.<\/li>\n<li>\ud83d\udcc8 <strong>Engajamento e Visibilidade:<\/strong> Posts otimizados para atrair e reter a aten\u00e7\u00e3o do seu p\u00fablico-alvo.<\/li>\n<li>\ud83e\udd1d <strong>Flexibilidade Total:<\/strong> Pacotes personaliz\u00e1veis para atender \u00e0s suas necessidades espec\u00edficas e or\u00e7amento.<\/li>\n<\/ul>\n<p>&nbsp;<\/p>\n<p>Ideal para pequenas e m\u00e9dias empresas, empreendedores, influenciadores e qualquer um que deseje destacar sua marca online. Com nosso pack de posts, voc\u00ea ganha tempo para se concentrar no seu neg\u00f3cio enquanto cuidamos do seu conte\u00fado digital.<\/p>\n<p>Elevamos sua presen\u00e7a online a um novo patamar. Entre em contato agora para saber mais! \ud83d\udc8c<\/p>\n<p>&nbsp;<\/p>\n<p>Packs totalmente personalizados conforme orienta\u00e7\u00e3o do cliente, podendo edit\u00e1-los pelo canva.<\/p>\n<p>** Utilizamos o canva pro, sendo necess\u00e1rio a compra de algumas artes no pr\u00f3prio canva caso o cliente queira edit\u00e1-las.<\/p>\n<p>&nbsp;<\/p>\n<p><strong>Prazo de entrega:<\/strong> 05 dias \u00fateis ap\u00f3s confirma\u00e7\u00e3o do pagamento.<\/p>\n","protected":false},"excerpt":{"rendered":"<p>Ideal para pequenas e m\u00e9dias empresas, empreendedores, influenciadores e qualquer um que deseje destacar sua marca online. Com nosso pack de posts, voc\u00ea ganha tempo para se concentrar no seu neg\u00f3cio enquanto cuidamos do seu conte\u00fado digital.<\/p>\n<p>Pack de posts para redes sociais, contendo 05 posts na \u00e1rea desejada.<\/p>\n<p>Packs totalmente personalizados conforme orienta\u00e7\u00e3o do cliente, podendo edit\u00e1-los pelo canva.<\/p>\n<p>** Utilizamos o canva pro, sendo necess\u00e1rio a compra de algumas artes no pr\u00f3prio canva caso o cliente queira edit\u00e1-las.<\/p>\n","protected":false},"featured_media":1061,"comment_status":"open","ping_status":"closed","template":"","meta":[],"product_brand":[],"product_cat":[18],"product_tag":[19,20,21,22,23,24],"class_list":{"0":"post-128","1":"product","2":"type-product","3":"status-publish","4":"has-post-thumbnail","6":"product_cat-packs","7":"product_tag-copywriting","8":"product_tag-diagramacao","9":"product_tag-e-books","10":"product_tag-posts-redes-sociais","11":"product_tag-revisao","12":"product_tag-servicos-editoriais","14":"first","15":"instock","16":"sold-individually","17":"taxable","18":"shipping-taxable","19":"purchasable","20":"product-type-variable"},"_links":{"self":[{"href":"https:\/\/excelenciaeditorial.com.br\/loja\/wp-json\/wp\/v2\/product\/128","targetHints":{"allow":["GET"]}}],"collection":[{"href":"https:\/\/excelenciaeditorial.com.br\/loja\/wp-json\/wp\/v2\/product"}],"about":[{"href":"https:\/\/excelenciaeditorial.com.br\/loja\/wp-json\/wp\/v2\/types\/product"}],"replies":[{"embeddable":true,"href":"https:\/\/excelenciaeditorial.com.br\/loja\/wp-json\/wp\/v2\/comments?post=128"}],"wp:featuredmedia":[{"embeddable":true,"href":"https:\/\/excelenciaeditorial.com.br\/loja\/wp-json\/wp\/v2\/media\/1061"}],"wp:attachment":[{"href":"https:\/\/excelenciaeditorial.com.br\/loja\/wp-json\/wp\/v2\/media?parent=128"}],"wp:term":[{"taxonomy":"product_brand","embeddable":true,"href":"https:\/\/excelenciaeditorial.com.br\/loja\/wp-json\/wp\/v2\/product_brand?post=128"},{"taxonomy":"product_cat","embeddable":true,"href":"https:\/\/excelenciaeditorial.com.br\/loja\/wp-json\/wp\/v2\/product_cat?post=128"},{"taxonomy":"product_tag","embeddable":true,"href":"https:\/\/excelenciaeditorial.com.br\/loja\/wp-json\/wp\/v2\/product_tag?post=128"}],"curies":[{"name":"wp","href":"https:\/\/api.w.org\/{rel}","templated":true}]}}