{"id":131,"date":"2023-12-23T00:42:49","date_gmt":"2023-12-23T03:42:49","guid":{"rendered":"https:\/\/excelenciaeditorial.com.br\/loja\/?post_type=product&#038;p=131"},"modified":"2024-06-18T15:35:37","modified_gmt":"2024-06-18T18:35:37","slug":"mapa-mental","status":"publish","type":"product","link":"https:\/\/excelenciaeditorial.com.br\/loja\/produto\/mapa-mental\/","title":{"rendered":"Mapa Mental"},"content":{"rendered":"<p>&nbsp;<\/p>\n<p>\ud83d\ude80 <strong>Descubra o Poder dos Mapas Mentais para Organizar Suas Ideias!<\/strong> \ud83c\udf1f<\/p>\n<p>Est\u00e1 na hora de dar um upgrade na forma como voc\u00ea organiza suas informa\u00e7\u00f5es e ideias. Com os nossos servi\u00e7os de mapa mental, transformamos complexidade em clareza! \ud83e\udde0\u2728<\/p>\n<p>&nbsp;<\/p>\n<p>\ud83d\udc49 <strong>Por Que Escolher Nossos Mapas Mentais?<\/strong><\/p>\n<ul>\n<li>\ud83d\udcca <strong>Organiza\u00e7\u00e3o Eficaz:<\/strong> Transforme informa\u00e7\u00f5es dispersas em estruturas claras e intuitivas.<\/li>\n<li>\ud83d\udca1 <strong>Est\u00edmulo \u00e0 Criatividade:<\/strong> Nossos mapas s\u00e3o projetados para inspirar ideias e solu\u00e7\u00f5es inovadoras.<\/li>\n<li>\ud83d\udcdd <strong>Personaliza\u00e7\u00e3o:<\/strong> Adaptamos cada mapa para atender \u00e0s suas necessidades espec\u00edficas.<\/li>\n<li>\ud83d\udcc8 <strong>Melhoria na Produtividade:<\/strong> Economize tempo e aumente sua efici\u00eancia com uma vis\u00e3o clara dos seus projetos e objetivos.<\/li>\n<\/ul>\n<p>&nbsp;<\/p>\n<p>Valor do mapa mental correspondente a 01 p\u00e1gina.<\/p>\n<p><strong>Prazo de entrega:<\/strong> 02 dias \u00fateis ap\u00f3s confirma\u00e7\u00e3o do pagamento.<\/p>\n","protected":false},"excerpt":{"rendered":"<p>Seja para planejamento pessoal, organiza\u00e7\u00e3o de projetos, estudo ou brainstorming, nossos mapas mentais s\u00e3o a ferramenta que voc\u00ea precisa para alcan\u00e7ar o sucesso com clareza e criatividade. \ud83c\udf1f<\/p>\n<p><em><strong>** Valor do mapa mental correspondente a 01 p\u00e1gina.<\/strong><\/em><\/p>\n","protected":false},"featured_media":1083,"comment_status":"open","ping_status":"closed","template":"","meta":[],"product_brand":[],"product_cat":[30],"product_tag":[19,20,21,22,23,24],"class_list":{"0":"post-131","1":"product","2":"type-product","3":"status-publish","4":"has-post-thumbnail","6":"product_cat-mapa-mental","7":"product_tag-copywriting","8":"product_tag-diagramacao","9":"product_tag-e-books","10":"product_tag-posts-redes-sociais","11":"product_tag-revisao","12":"product_tag-servicos-editoriais","14":"first","15":"instock","16":"downloadable","17":"virtual","18":"sold-individually","19":"taxable","20":"purchasable","21":"product-type-simple"},"_links":{"self":[{"href":"https:\/\/excelenciaeditorial.com.br\/loja\/wp-json\/wp\/v2\/product\/131","targetHints":{"allow":["GET"]}}],"collection":[{"href":"https:\/\/excelenciaeditorial.com.br\/loja\/wp-json\/wp\/v2\/product"}],"about":[{"href":"https:\/\/excelenciaeditorial.com.br\/loja\/wp-json\/wp\/v2\/types\/product"}],"replies":[{"embeddable":true,"href":"https:\/\/excelenciaeditorial.com.br\/loja\/wp-json\/wp\/v2\/comments?post=131"}],"wp:featuredmedia":[{"embeddable":true,"href":"https:\/\/excelenciaeditorial.com.br\/loja\/wp-json\/wp\/v2\/media\/1083"}],"wp:attachment":[{"href":"https:\/\/excelenciaeditorial.com.br\/loja\/wp-json\/wp\/v2\/media?parent=131"}],"wp:term":[{"taxonomy":"product_brand","embeddable":true,"href":"https:\/\/excelenciaeditorial.com.br\/loja\/wp-json\/wp\/v2\/product_brand?post=131"},{"taxonomy":"product_cat","embeddable":true,"href":"https:\/\/excelenciaeditorial.com.br\/loja\/wp-json\/wp\/v2\/product_cat?post=131"},{"taxonomy":"product_tag","embeddable":true,"href":"https:\/\/excelenciaeditorial.com.br\/loja\/wp-json\/wp\/v2\/product_tag?post=131"}],"curies":[{"name":"wp","href":"https:\/\/api.w.org\/{rel}","templated":true}]}}