{"id":136,"date":"2023-12-23T01:32:40","date_gmt":"2023-12-23T04:32:40","guid":{"rendered":"https:\/\/excelenciaeditorial.com.br\/loja\/?post_type=product&#038;p=136"},"modified":"2024-11-01T20:50:13","modified_gmt":"2024-11-01T23:50:13","slug":"revisao-textual","status":"publish","type":"product","link":"https:\/\/excelenciaeditorial.com.br\/loja\/produto\/revisao-textual\/","title":{"rendered":"Revis\u00e3o Textual"},"content":{"rendered":"<p>&nbsp;<\/p>\n<p>\ud83d\udcdd\u2728 <strong>Leve a Qualidade do Seu Texto a Novos Patamares com Nossa Revis\u00e3o Textual Profissional!<\/strong> \u2728\ud83d\udcda<\/p>\n<p>Voc\u00ea escreve com paix\u00e3o, mas sabe que at\u00e9 os melhores escritores precisam de um segundo par de olhos. \u00c9 a\u00ed que entramos! \ud83c\udf1f<\/p>\n<p>&nbsp;<\/p>\n<p>\ud83d\udc49 <strong>Por que Nossa Revis\u00e3o Textual?<\/strong><\/p>\n<ul>\n<li>\ud83d\udcd6 <strong>Precis\u00e3o Lingu\u00edstica:<\/strong> Nossa equipe especializada garante corre\u00e7\u00e3o gramatical, ortogr\u00e1fica e de pontua\u00e7\u00e3o.<\/li>\n<li>\ud83c\udfaf <strong>Clareza e Coer\u00eancia:<\/strong> Aperfei\u00e7oamos a estrutura e fluidez para garantir que sua mensagem atinja o alvo.<\/li>\n<li>\ud83d\udcc8 <strong>Enriquecimento de Conte\u00fado:<\/strong> Damos sugest\u00f5es para melhorar a qualidade e o impacto do seu texto.<\/li>\n<li>\ud83e\udd1d <strong>Respeito ao Seu Estilo:<\/strong> Mantemos sua voz e estilo \u00fanicos, aprimorando sem alterar sua ess\u00eancia.<\/li>\n<\/ul>\n<p>&nbsp;<\/p>\n<p>Seja um artigo acad\u00eamico, um manuscrito liter\u00e1rio, conte\u00fado de website ou qualquer outro tipo de texto, n\u00f3s cuidamos para que sua escrita esteja impec\u00e1vel.<\/p>\n<p>D\u00ea o pr\u00f3ximo passo para garantir que seu texto brilhe com clareza e profissionalismo! Contrate agora mesmo sua revis\u00e3o conosco! \ud83d\udc8c<\/p>\n<p>Valor baseado em m\u00e9dia de 20 laudas.<\/p>\n<p>&nbsp;<\/p>\n<p><strong>Prazo de entrega:<\/strong> 05 dias \u00fateis ap\u00f3s confirma\u00e7\u00e3o do pagamento.<\/p>\n","protected":false},"excerpt":{"rendered":"<p>Seja um artigo acad\u00eamico, um manuscrito liter\u00e1rio, conte\u00fado de website ou qualquer outro tipo de texto, n\u00f3s cuidamos para que sua escrita esteja impec\u00e1vel.<\/p>\n<p><em><strong>** Valor baseado em m\u00e9dia de 20 laudas.<\/strong><\/em><\/p>\n","protected":false},"featured_media":1079,"comment_status":"open","ping_status":"closed","template":"","meta":[],"product_brand":[],"product_cat":[32],"product_tag":[19,20,21,22,23,24],"class_list":{"0":"post-136","1":"product","2":"type-product","3":"status-publish","4":"has-post-thumbnail","6":"product_cat-revisao-textual","7":"product_tag-copywriting","8":"product_tag-diagramacao","9":"product_tag-e-books","10":"product_tag-posts-redes-sociais","11":"product_tag-revisao","12":"product_tag-servicos-editoriais","14":"first","15":"instock","16":"virtual","17":"sold-individually","18":"taxable","19":"purchasable","20":"product-type-simple"},"_links":{"self":[{"href":"https:\/\/excelenciaeditorial.com.br\/loja\/wp-json\/wp\/v2\/product\/136","targetHints":{"allow":["GET"]}}],"collection":[{"href":"https:\/\/excelenciaeditorial.com.br\/loja\/wp-json\/wp\/v2\/product"}],"about":[{"href":"https:\/\/excelenciaeditorial.com.br\/loja\/wp-json\/wp\/v2\/types\/product"}],"replies":[{"embeddable":true,"href":"https:\/\/excelenciaeditorial.com.br\/loja\/wp-json\/wp\/v2\/comments?post=136"}],"wp:featuredmedia":[{"embeddable":true,"href":"https:\/\/excelenciaeditorial.com.br\/loja\/wp-json\/wp\/v2\/media\/1079"}],"wp:attachment":[{"href":"https:\/\/excelenciaeditorial.com.br\/loja\/wp-json\/wp\/v2\/media?parent=136"}],"wp:term":[{"taxonomy":"product_brand","embeddable":true,"href":"https:\/\/excelenciaeditorial.com.br\/loja\/wp-json\/wp\/v2\/product_brand?post=136"},{"taxonomy":"product_cat","embeddable":true,"href":"https:\/\/excelenciaeditorial.com.br\/loja\/wp-json\/wp\/v2\/product_cat?post=136"},{"taxonomy":"product_tag","embeddable":true,"href":"https:\/\/excelenciaeditorial.com.br\/loja\/wp-json\/wp\/v2\/product_tag?post=136"}],"curies":[{"name":"wp","href":"https:\/\/api.w.org\/{rel}","templated":true}]}}