{"id":184,"date":"2023-12-23T04:31:06","date_gmt":"2023-12-23T07:31:06","guid":{"rendered":"https:\/\/excelenciaeditorial.com.br\/loja\/?post_type=product&#038;p=184"},"modified":"2024-03-17T02:05:28","modified_gmt":"2024-03-17T05:05:28","slug":"orientacao-academica","status":"publish","type":"product","link":"https:\/\/excelenciaeditorial.com.br\/loja\/produto\/orientacao-academica\/","title":{"rendered":"Orienta\u00e7\u00e3o Acad\u00eamica"},"content":{"rendered":"<p>&nbsp;<\/p>\n<p>\ud83c\udf93 <strong>Alcance o Sucesso Acad\u00eamico com Nossa Orienta\u00e7\u00e3o Personalizada!<\/strong> \ud83c\udf1f<\/p>\n<p>Sentindo-se perdido no labirinto acad\u00eamico? Nossa equipe de especialistas est\u00e1 aqui para guiar voc\u00ea em cada passo do seu percurso acad\u00eamico. Seja para trabalhos de conclus\u00e3o, disserta\u00e7\u00f5es, teses ou prepara\u00e7\u00e3o para exames, oferecemos a orienta\u00e7\u00e3o que voc\u00ea precisa para brilhar. \ud83d\udcda\u2728<\/p>\n<p>&nbsp;<\/p>\n<p>\ud83d\udc49 <strong>Por Que Escolher Nossa Orienta\u00e7\u00e3o Acad\u00eamica?<\/strong><\/p>\n<ul>\n<li>\ud83e\udd13 <strong>Expertise Profissional:<\/strong> Nossos orientadores s\u00e3o profissionais experientes em diversas \u00e1reas acad\u00eamicas.<\/li>\n<li>\ud83d\udcdd <strong>Acompanhamento Personalizado:<\/strong> Adapta\u00e7\u00e3o \u00e0s suas necessidades espec\u00edficas para maximizar seu aprendizado e desempenho.<\/li>\n<li>\ud83d\udd0d <strong>Pesquisa e Reda\u00e7\u00e3o:<\/strong> Assist\u00eancia em pesquisa, estrutura\u00e7\u00e3o e reda\u00e7\u00e3o de trabalhos acad\u00eamicos.<\/li>\n<li>\ud83d\udcc8 <strong>Melhoria Cont\u00ednua:<\/strong> Feedback construtivo para aprimorar suas habilidades de escrita e pesquisa.<\/li>\n<\/ul>\n<p>&nbsp;<\/p>\n<p>N\u00e3o deixe a ansiedade e as d\u00favidas atrapalharem seu sucesso. Com nossa orienta\u00e7\u00e3o, voc\u00ea ganha confian\u00e7a e habilidades para navegar com sucesso no mundo acad\u00eamico.<\/p>\n<p>Contrate nossa orienta\u00e7\u00e3o e d\u00ea o pr\u00f3ximo passo em sua jornada educacional! \ud83d\udc8c<\/p>\n<p>&nbsp;<\/p>\n<p>Pacote contendo 04 encontros, com dura\u00e7\u00e3o de 01 hora cada, atrav\u00e9s de v\u00eddeochamada, podendo ser distribu\u00eddas a crit\u00e9rio\/necessidade do cliente, conforme disponibilidade da equipe Excel\u00eancia Editorial.<\/p>\n<p>&nbsp;<\/p>\n<p><strong>Prazo de entrega:<\/strong> a combinar<\/p>\n","protected":false},"excerpt":{"rendered":"<p>N\u00e3o deixe a ansiedade e as d\u00favidas atrapalharem seu sucesso. Com nossa orienta\u00e7\u00e3o, voc\u00ea ganha confian\u00e7a e habilidades para navegar com sucesso no mundo acad\u00eamico.<\/p>\n<p>Pacote contendo 04 encontros, com dura\u00e7\u00e3o de 01 hora cada, atrav\u00e9s de v\u00eddeochamada, podendo ser distribu\u00eddas a crit\u00e9rio\/necessidade do cliente, conforme disponibilidade da equipe Excel\u00eancia Editorial.<\/p>\n","protected":false},"featured_media":1081,"comment_status":"open","ping_status":"closed","template":"","meta":[],"product_brand":[],"product_cat":[38],"product_tag":[19,20,21,22,23,24],"class_list":{"0":"post-184","1":"product","2":"type-product","3":"status-publish","4":"has-post-thumbnail","6":"product_cat-orientacao-academica","7":"product_tag-copywriting","8":"product_tag-diagramacao","9":"product_tag-e-books","10":"product_tag-posts-redes-sociais","11":"product_tag-revisao","12":"product_tag-servicos-editoriais","14":"first","15":"instock","16":"virtual","17":"sold-individually","18":"taxable","19":"purchasable","20":"product-type-simple"},"_links":{"self":[{"href":"https:\/\/excelenciaeditorial.com.br\/loja\/wp-json\/wp\/v2\/product\/184","targetHints":{"allow":["GET"]}}],"collection":[{"href":"https:\/\/excelenciaeditorial.com.br\/loja\/wp-json\/wp\/v2\/product"}],"about":[{"href":"https:\/\/excelenciaeditorial.com.br\/loja\/wp-json\/wp\/v2\/types\/product"}],"replies":[{"embeddable":true,"href":"https:\/\/excelenciaeditorial.com.br\/loja\/wp-json\/wp\/v2\/comments?post=184"}],"wp:featuredmedia":[{"embeddable":true,"href":"https:\/\/excelenciaeditorial.com.br\/loja\/wp-json\/wp\/v2\/media\/1081"}],"wp:attachment":[{"href":"https:\/\/excelenciaeditorial.com.br\/loja\/wp-json\/wp\/v2\/media?parent=184"}],"wp:term":[{"taxonomy":"product_brand","embeddable":true,"href":"https:\/\/excelenciaeditorial.com.br\/loja\/wp-json\/wp\/v2\/product_brand?post=184"},{"taxonomy":"product_cat","embeddable":true,"href":"https:\/\/excelenciaeditorial.com.br\/loja\/wp-json\/wp\/v2\/product_cat?post=184"},{"taxonomy":"product_tag","embeddable":true,"href":"https:\/\/excelenciaeditorial.com.br\/loja\/wp-json\/wp\/v2\/product_tag?post=184"}],"curies":[{"name":"wp","href":"https:\/\/api.w.org\/{rel}","templated":true}]}}