{"id":186,"date":"2023-12-23T04:41:41","date_gmt":"2023-12-23T07:41:41","guid":{"rendered":"https:\/\/excelenciaeditorial.com.br\/loja\/?post_type=product&#038;p=186"},"modified":"2024-03-17T02:05:01","modified_gmt":"2024-03-17T05:05:01","slug":"mentoria-escrita-criativa","status":"publish","type":"product","link":"https:\/\/excelenciaeditorial.com.br\/loja\/produto\/mentoria-escrita-criativa\/","title":{"rendered":"Mentoria em Escrita Criativa"},"content":{"rendered":"<p>&nbsp;<\/p>\n<p>\ud83c\udf1f <strong>Liberte Sua Criatividade com Nossa Mentoria em Escrita Criativa!<\/strong> \u270d\ufe0f\ud83d\udcda<\/p>\n<p>Voc\u00ea tem uma paix\u00e3o por escrever, mas \u00e0s vezes se sente preso ou inseguro sobre como expressar suas ideias? Nossa mentoria em escrita criativa \u00e9 a solu\u00e7\u00e3o que voc\u00ea precisa para liberar seu potencial e transformar suas ideias em obras cativantes. \ud83c\udfa8\ud83d\udd8b\ufe0f<\/p>\n<p>&nbsp;<\/p>\n<p>\ud83d\udc49 <strong>Por que Escolher Nossa Mentoria?<\/strong><\/p>\n<ul>\n<li>\ud83d\udcd6 <strong>Orienta\u00e7\u00e3o Personalizada:<\/strong> Receba acompanhamento individualizado para desenvolver seu estilo \u00fanico e voz narrativa.<\/li>\n<li>\ud83c\udf93 <strong>Experi\u00eancia Profissional:<\/strong> Aprenda com mentores experientes e autores publicados que entendem profundamente a arte da escrita.<\/li>\n<li>\ud83d\udcdd <strong>Feedback Construtivo:<\/strong> Obtenha avalia\u00e7\u00f5es detalhadas e sugest\u00f5es pr\u00e1ticas para aprimorar seu trabalho.<\/li>\n<li>\ud83c\udf10 <strong>Comunidade de Escritores:<\/strong> Junte-se a uma comunidade de escritores entusiasmados, onde voc\u00ea pode compartilhar ideias e inspira\u00e7\u00f5es.<\/li>\n<\/ul>\n<p>&nbsp;<\/p>\n<p>Seja para escrever seu primeiro livro, desenvolver habilidades para narrativas curtas, poesia, ou simplesmente explorar novas formas de express\u00e3o criativa, estamos aqui para gui\u00e1-lo em cada passo.<\/p>\n<p>Transforme suas ideias em palavras e suas palavras em hist\u00f3rias que cativam. Conte com nossa equipe para come\u00e7ar sua jornada na escrita criativa! \ud83d\udc8c<\/p>\n<p>&nbsp;<\/p>\n<p>Com dura\u00e7\u00e3o de 01 hora cada, atrav\u00e9s de v\u00eddeochamada, podendo ser realizada a crit\u00e9rio\/necessidade do cliente, conforme disponibilidade da equipe Excel\u00eancia Editorial.<\/p>\n<p>&nbsp;<\/p>\n<p><strong>Prazo de entrega:<\/strong> a combinar<\/p>\n<p>&nbsp;<\/p>\n","protected":false},"excerpt":{"rendered":"<p>Seja para escrever seu primeiro livro, desenvolver habilidades para narrativas curtas, poesia, ou simplesmente explorar novas formas de express\u00e3o criativa, estamos aqui para gui\u00e1-lo em cada passo.<\/p>\n<p>Com dura\u00e7\u00e3o de 01 hora cada, atrav\u00e9s de v\u00eddeochamada, podendo ser realizada a crit\u00e9rio\/necessidade do cliente, conforme disponibilidade da equipe Excel\u00eancia Editorial.<\/p>\n","protected":false},"featured_media":1082,"comment_status":"open","ping_status":"closed","template":"","meta":[],"product_brand":[],"product_cat":[39],"product_tag":[19,20,21,22,23,24],"class_list":{"0":"post-186","1":"product","2":"type-product","3":"status-publish","4":"has-post-thumbnail","6":"product_cat-mentoria-em-escrita-criativa","7":"product_tag-copywriting","8":"product_tag-diagramacao","9":"product_tag-e-books","10":"product_tag-posts-redes-sociais","11":"product_tag-revisao","12":"product_tag-servicos-editoriais","14":"first","15":"instock","16":"sale","17":"sold-individually","18":"taxable","19":"shipping-taxable","20":"purchasable","21":"product-type-variable"},"_links":{"self":[{"href":"https:\/\/excelenciaeditorial.com.br\/loja\/wp-json\/wp\/v2\/product\/186","targetHints":{"allow":["GET"]}}],"collection":[{"href":"https:\/\/excelenciaeditorial.com.br\/loja\/wp-json\/wp\/v2\/product"}],"about":[{"href":"https:\/\/excelenciaeditorial.com.br\/loja\/wp-json\/wp\/v2\/types\/product"}],"replies":[{"embeddable":true,"href":"https:\/\/excelenciaeditorial.com.br\/loja\/wp-json\/wp\/v2\/comments?post=186"}],"wp:featuredmedia":[{"embeddable":true,"href":"https:\/\/excelenciaeditorial.com.br\/loja\/wp-json\/wp\/v2\/media\/1082"}],"wp:attachment":[{"href":"https:\/\/excelenciaeditorial.com.br\/loja\/wp-json\/wp\/v2\/media?parent=186"}],"wp:term":[{"taxonomy":"product_brand","embeddable":true,"href":"https:\/\/excelenciaeditorial.com.br\/loja\/wp-json\/wp\/v2\/product_brand?post=186"},{"taxonomy":"product_cat","embeddable":true,"href":"https:\/\/excelenciaeditorial.com.br\/loja\/wp-json\/wp\/v2\/product_cat?post=186"},{"taxonomy":"product_tag","embeddable":true,"href":"https:\/\/excelenciaeditorial.com.br\/loja\/wp-json\/wp\/v2\/product_tag?post=186"}],"curies":[{"name":"wp","href":"https:\/\/api.w.org\/{rel}","templated":true}]}}