{"id":188,"date":"2023-12-23T04:50:47","date_gmt":"2023-12-23T07:50:47","guid":{"rendered":"https:\/\/excelenciaeditorial.com.br\/loja\/?post_type=product&#038;p=188"},"modified":"2024-03-17T02:04:21","modified_gmt":"2024-03-17T05:04:21","slug":"formatacao","status":"publish","type":"product","link":"https:\/\/excelenciaeditorial.com.br\/loja\/produto\/formatacao\/","title":{"rendered":"Formata\u00e7\u00e3o de trabalhos cient\u00edficos"},"content":{"rendered":"<p>\ud83d\udcc4\ud83d\udd2c <strong>Eleve a Qualidade dos Seus Trabalhos Cient\u00edficos com Nossa Formata\u00e7\u00e3o Especializada!<\/strong> \u2728<\/p>\n<p>Seu trabalho cient\u00edfico est\u00e1 pronto, mas voc\u00ea est\u00e1 preocupado com a formata\u00e7\u00e3o? Deixe isso conosco! Nossa equipe especializada em formata\u00e7\u00e3o de trabalhos cient\u00edficos garante que seu documento esteja n\u00e3o apenas impec\u00e1vel, mas tamb\u00e9m em conformidade total com as normas acad\u00eamicas. \ud83d\udcda\ud83d\udcca<\/p>\n<p>&nbsp;<\/p>\n<p>\ud83d\udc49 <strong>Por Que Escolher Nosso Servi\u00e7o de Formata\u00e7\u00e3o?<\/strong><\/p>\n<ul>\n<li>\ud83d\udcd1 <strong>Ades\u00e3o \u00e0s Normas:<\/strong> Formata\u00e7\u00e3o rigorosa seguindo as normas da ABNT, APA ou Vancouver.<\/li>\n<li>\ud83d\udd8b\ufe0f <strong>Aten\u00e7\u00e3o aos Detalhes:<\/strong> Cuidamos de todos os aspectos, desde a pagina\u00e7\u00e3o at\u00e9 as refer\u00eancias e cita\u00e7\u00f5es.<\/li>\n<li>\ud83d\udcd6 <strong>Aprimoramento Visual:<\/strong> Garantimos que tabelas, figuras e gr\u00e1ficos estejam perfeitamente integrados ao texto.<\/li>\n<li>\ud83d\udd52 <strong>Entrega R\u00e1pida e Confi\u00e1vel:<\/strong> Comprometemo-nos com prazos apertados sem comprometer a qualidade.<\/li>\n<\/ul>\n<p>&nbsp;<\/p>\n<p>Ideal para estudantes de gradua\u00e7\u00e3o, p\u00f3s-gradua\u00e7\u00e3o, pesquisadores e acad\u00eamicos que desejam apresentar trabalhos com qualidade profissional. N\u00f3s cuidamos da forma, para que voc\u00ea possa focar no conte\u00fado.<\/p>\n<p>Transforme seu trabalho cient\u00edfico com uma formata\u00e7\u00e3o profissional. Contrate nossa equipe agora! \ud83d\udc8c<\/p>\n<p>&nbsp;<\/p>\n<p>O material deve estar completamente desenvolvido, sendo fundamental que o documento seja enviado no formato .doc. Este passo \u00e9 crucial para garantir a qualidade do trabalho submetido. Salientamos tamb\u00e9m que, durante o processo de formata\u00e7\u00e3o, a extens\u00e3o (laudas) do trabalho poder\u00e1 sofrer altera\u00e7\u00f5es. Essas modifica\u00e7\u00f5es t\u00eam como objetivo alinhar o seu artigo \u00e0s exig\u00eancias editoriais e garantir uma apresenta\u00e7\u00e3o de acordo com as devidas diretrizes escolhidas.<\/p>\n<p><strong>Prazo de entrega:<\/strong> 05<em>\u00a0dias \u00fateis ap\u00f3s confirma\u00e7\u00e3o do pagamento<\/em>.<\/p>\n<p>&nbsp;<\/p>\n<p>&nbsp;<\/p>\n","protected":false},"excerpt":{"rendered":"<p>Ideal para estudantes de gradua\u00e7\u00e3o, p\u00f3s-gradua\u00e7\u00e3o, pesquisadores e acad\u00eamicos que desejam apresentar trabalhos com qualidade profissional. N\u00f3s cuidamos da forma, para que voc\u00ea possa focar no conte\u00fado.<\/p>\n<p>O material deve estar completamente desenvolvido, sendo fundamental que o documento seja enviado no formato .doc. Este passo \u00e9 crucial para garantir a qualidade do trabalho submetido. Salientamos tamb\u00e9m que, durante o processo de formata\u00e7\u00e3o, a extens\u00e3o (laudas) do trabalho poder\u00e1 sofrer altera\u00e7\u00f5es. Essas modifica\u00e7\u00f5es t\u00eam como objetivo alinhar o seu artigo \u00e0s exig\u00eancias editoriais e garantir uma apresenta\u00e7\u00e3o de acordo com as devidas diretrizes escolhidas.<\/p>\n","protected":false},"featured_media":1085,"comment_status":"open","ping_status":"closed","template":"","meta":[],"product_brand":[],"product_cat":[31],"product_tag":[19,20,21,22,23,24],"class_list":{"0":"post-188","1":"product","2":"type-product","3":"status-publish","4":"has-post-thumbnail","6":"product_cat-formatacao-de-trabalhos-cientificos","7":"product_tag-copywriting","8":"product_tag-diagramacao","9":"product_tag-e-books","10":"product_tag-posts-redes-sociais","11":"product_tag-revisao","12":"product_tag-servicos-editoriais","14":"first","15":"instock","16":"sold-individually","17":"taxable","18":"shipping-taxable","19":"purchasable","20":"product-type-variable"},"_links":{"self":[{"href":"https:\/\/excelenciaeditorial.com.br\/loja\/wp-json\/wp\/v2\/product\/188","targetHints":{"allow":["GET"]}}],"collection":[{"href":"https:\/\/excelenciaeditorial.com.br\/loja\/wp-json\/wp\/v2\/product"}],"about":[{"href":"https:\/\/excelenciaeditorial.com.br\/loja\/wp-json\/wp\/v2\/types\/product"}],"replies":[{"embeddable":true,"href":"https:\/\/excelenciaeditorial.com.br\/loja\/wp-json\/wp\/v2\/comments?post=188"}],"wp:featuredmedia":[{"embeddable":true,"href":"https:\/\/excelenciaeditorial.com.br\/loja\/wp-json\/wp\/v2\/media\/1085"}],"wp:attachment":[{"href":"https:\/\/excelenciaeditorial.com.br\/loja\/wp-json\/wp\/v2\/media?parent=188"}],"wp:term":[{"taxonomy":"product_brand","embeddable":true,"href":"https:\/\/excelenciaeditorial.com.br\/loja\/wp-json\/wp\/v2\/product_brand?post=188"},{"taxonomy":"product_cat","embeddable":true,"href":"https:\/\/excelenciaeditorial.com.br\/loja\/wp-json\/wp\/v2\/product_cat?post=188"},{"taxonomy":"product_tag","embeddable":true,"href":"https:\/\/excelenciaeditorial.com.br\/loja\/wp-json\/wp\/v2\/product_tag?post=188"}],"curies":[{"name":"wp","href":"https:\/\/api.w.org\/{rel}","templated":true}]}}