{"id":192,"date":"2023-12-23T05:00:54","date_gmt":"2023-12-23T08:00:54","guid":{"rendered":"https:\/\/excelenciaeditorial.com.br\/loja\/?post_type=product&#038;p=192"},"modified":"2024-06-18T15:29:36","modified_gmt":"2024-06-18T18:29:36","slug":"cronograma-mensal-de-posts","status":"publish","type":"product","link":"https:\/\/excelenciaeditorial.com.br\/loja\/produto\/cronograma-mensal-de-posts\/","title":{"rendered":"Cronograma Mensal de Posts"},"content":{"rendered":"<p>\ud83d\uddd3\ufe0f\ud83d\ude80 <strong>Elevando Seu Marketing Digital com Nosso Cronograma Mensal de Posts!<\/strong> \ud83d\udcc8\u2728<\/p>\n<p>Manter suas redes sociais atualizadas e engajadoras pode ser um desafio. \u00c9 a\u00ed que entramos! Nossa solu\u00e7\u00e3o de cronograma mensal de posts \u00e9 projetada para manter seu conte\u00fado consistente, relevante e altamente atraente. Deixe-nos transformar sua presen\u00e7a online! \ud83c\udf10\ud83d\udca1<\/p>\n<p>&nbsp;<\/p>\n<p>\ud83d\udc49 <strong>Vantagens do Nosso Cronograma de Posts:<\/strong><\/p>\n<ul>\n<li>\ud83d\udcc5 <strong>Planejamento Estrat\u00e9gico:<\/strong> Posts planejados com anteced\u00eancia para cobrir todos os dias do m\u00eas.<\/li>\n<li>\ud83c\udfa8 <strong>Conte\u00fado Criativo e Variado:<\/strong> Incluindo imagens, v\u00eddeos e textos alinhados \u00e0 sua marca.<\/li>\n<li>\ud83d\udcca <strong>Otimiza\u00e7\u00e3o de Engajamento:<\/strong> Posts programados para os melhores hor\u00e1rios, aumentando a visibilidade e intera\u00e7\u00e3o.<\/li>\n<li>\ud83d\udd04 <strong>Flexibilidade e Atualiza\u00e7\u00e3o Constante:<\/strong> Ajustamos o cronograma conforme as tend\u00eancias e feedback do p\u00fablico.<\/li>\n<\/ul>\n<p>&nbsp;<\/p>\n<p>Ideal para neg\u00f3cios, marcas pessoais ou qualquer um que deseje manter uma presen\u00e7a online forte e consistente. Com nosso cronograma mensal, voc\u00ea pode focar no seu neg\u00f3cio enquanto n\u00f3s cuidamos do seu marketing digital.<\/p>\n<p>D\u00ea um salto em sua estrat\u00e9gia de redes sociais. Conte com nossa equipe ainda hoje! \ud83d\udc8c<\/p>\n<p>&nbsp;<\/p>\n<p>Cria\u00e7\u00e3o de cronograma de 01 m\u00eas de conte\u00fado para posts, sendo 20 dias apenas textual e 10 dias, artes + texto, totalizando 30 dias.\u00a0As 10 artes podem ser edit\u00e1veis no canva, a crit\u00e9rio do cliente.<\/p>\n<p>01 encontro virtual para alinhamento das estrat\u00e9gias dos conte\u00fados dos posts.<\/p>\n<p><strong>Prazo de entrega:<\/strong> 05 dias \u00fateis ap\u00f3s confirma\u00e7\u00e3o do pagamento.<\/p>\n<p>&nbsp;<\/p>\n","protected":false},"excerpt":{"rendered":"<p>Ideal para neg\u00f3cios, marcas pessoais ou qualquer um que deseje manter uma presen\u00e7a online forte e consistente. Com nosso cronograma mensal, voc\u00ea pode focar no seu neg\u00f3cio enquanto n\u00f3s cuidamos do seu marketing digital.<\/p>\n<p>Cria\u00e7\u00e3o de cronograma de 01 m\u00eas de conte\u00fado para posts, sendo 20 dias apenas textual e 10 dias, artes + texto, totalizando 30 dias.\u00a0As 10 artes podem ser edit\u00e1veis no canva, a crit\u00e9rio do cliente.<\/p>\n<p>01 encontro virtual para alinhamento das estrat\u00e9gias dos conte\u00fados dos posts.<\/p>\n","protected":false},"featured_media":1077,"comment_status":"open","ping_status":"closed","template":"","meta":[],"product_brand":[],"product_cat":[34],"product_tag":[19,20,21,22,23,24],"class_list":{"0":"post-192","1":"product","2":"type-product","3":"status-publish","4":"has-post-thumbnail","6":"product_cat-cronograma-mensal-de-posts","7":"product_tag-copywriting","8":"product_tag-diagramacao","9":"product_tag-e-books","10":"product_tag-posts-redes-sociais","11":"product_tag-revisao","12":"product_tag-servicos-editoriais","14":"first","15":"instock","16":"virtual","17":"sold-individually","18":"taxable","19":"purchasable","20":"product-type-simple"},"_links":{"self":[{"href":"https:\/\/excelenciaeditorial.com.br\/loja\/wp-json\/wp\/v2\/product\/192","targetHints":{"allow":["GET"]}}],"collection":[{"href":"https:\/\/excelenciaeditorial.com.br\/loja\/wp-json\/wp\/v2\/product"}],"about":[{"href":"https:\/\/excelenciaeditorial.com.br\/loja\/wp-json\/wp\/v2\/types\/product"}],"replies":[{"embeddable":true,"href":"https:\/\/excelenciaeditorial.com.br\/loja\/wp-json\/wp\/v2\/comments?post=192"}],"wp:featuredmedia":[{"embeddable":true,"href":"https:\/\/excelenciaeditorial.com.br\/loja\/wp-json\/wp\/v2\/media\/1077"}],"wp:attachment":[{"href":"https:\/\/excelenciaeditorial.com.br\/loja\/wp-json\/wp\/v2\/media?parent=192"}],"wp:term":[{"taxonomy":"product_brand","embeddable":true,"href":"https:\/\/excelenciaeditorial.com.br\/loja\/wp-json\/wp\/v2\/product_brand?post=192"},{"taxonomy":"product_cat","embeddable":true,"href":"https:\/\/excelenciaeditorial.com.br\/loja\/wp-json\/wp\/v2\/product_cat?post=192"},{"taxonomy":"product_tag","embeddable":true,"href":"https:\/\/excelenciaeditorial.com.br\/loja\/wp-json\/wp\/v2\/product_tag?post=192"}],"curies":[{"name":"wp","href":"https:\/\/api.w.org\/{rel}","templated":true}]}}