{"id":193,"date":"2023-12-23T05:03:47","date_gmt":"2023-12-23T08:03:47","guid":{"rendered":"https:\/\/excelenciaeditorial.com.br\/loja\/?post_type=product&#038;p=193"},"modified":"2024-06-18T15:52:05","modified_gmt":"2024-06-18T18:52:05","slug":"cartao-digital","status":"publish","type":"product","link":"https:\/\/excelenciaeditorial.com.br\/loja\/produto\/cartao-digital\/","title":{"rendered":"Cart\u00e3o Digital"},"content":{"rendered":"<p>&nbsp;<\/p>\n<p>\ud83c\udf10\ud83d\udcb3 <strong>Conecte-se com Eleg\u00e2ncia e Inova\u00e7\u00e3o com Nosso Cart\u00e3o Digital!<\/strong> \u2728<\/p>\n<p>No mundo digital de hoje, causar uma impress\u00e3o duradoura \u00e9 mais importante do que nunca. Nossos cart\u00f5es digitais oferecem uma maneira moderna, eco-friendly e eficiente de compartilhar suas informa\u00e7\u00f5es de contato e fortalecer sua rede profissional. \ud83d\ude80\ud83e\udd1d<\/p>\n<p>&nbsp;<\/p>\n<p>\ud83d\udc49 <strong>Por Que Optar pelo Cart\u00e3o Digital?<\/strong><\/p>\n<ul>\n<li>\ud83d\udcf2 <strong>Acesso F\u00e1cil e R\u00e1pido:<\/strong> Compartilhe suas informa\u00e7\u00f5es com um clique ou um scan.<\/li>\n<li>\ud83c\udf3f <strong>Ecol\u00f3gico:<\/strong> Reduza o uso de papel e contribua para um ambiente mais sustent\u00e1vel.<\/li>\n<li>\ud83c\udfa8 <strong>Design Personalizado:<\/strong> Criamos um visual que reflete sua marca e personalidade profissional.<\/li>\n<li>\ud83d\udcc8 <strong>Atualiza\u00e7\u00f5es Sempre Dispon\u00edveis:<\/strong> Mantenha suas informa\u00e7\u00f5es sempre atualizadas sem a necessidade de reimprimir.<\/li>\n<\/ul>\n<p>&nbsp;<\/p>\n<p>Perfeito para profissionais, empreendedores, artistas, consultores e qualquer pessoa que queira deixar uma marca digital impactante. Nosso cart\u00e3o digital \u00e9 a chave para abrir portas no mundo dos neg\u00f3cios e das conex\u00f5es profissionais.<\/p>\n<p>D\u00ea um passo adiante no networking. Aguardamos seu contato para criar seu cart\u00e3o digital personalizado! \ud83d\udc8c<\/p>\n<p>&nbsp;<\/p>\n<p>Cart\u00e3o em formato PDF e o\u00a0link para poss\u00edveis edi\u00e7\u00f5es via Canva.<\/p>\n<p><strong>Prazo de entrega:<\/strong> 02 dias \u00fateis ap\u00f3s confirma\u00e7\u00e3o do pagamento.<\/p>\n","protected":false},"excerpt":{"rendered":"<p>Perfeito para profissionais, empreendedores, artistas, consultores e qualquer pessoa que queira deixar uma marca digital impactante. Nosso cart\u00e3o digital \u00e9 a chave para abrir portas no mundo dos neg\u00f3cios e das conex\u00f5es profissionais.<\/p>\n<p>Cart\u00e3o em formato PDF e o\u00a0link para poss\u00edveis edi\u00e7\u00f5es via Canva.<\/p>\n<p>&nbsp;<\/p>\n","protected":false},"featured_media":1087,"comment_status":"open","ping_status":"closed","template":"","meta":[],"product_brand":[],"product_cat":[28],"product_tag":[19,20,21,22,23,24],"class_list":{"0":"post-193","1":"product","2":"type-product","3":"status-publish","4":"has-post-thumbnail","6":"product_cat-cartao-digital","7":"product_tag-copywriting","8":"product_tag-diagramacao","9":"product_tag-e-books","10":"product_tag-posts-redes-sociais","11":"product_tag-revisao","12":"product_tag-servicos-editoriais","14":"first","15":"instock","16":"virtual","17":"sold-individually","18":"taxable","19":"purchasable","20":"product-type-simple"},"_links":{"self":[{"href":"https:\/\/excelenciaeditorial.com.br\/loja\/wp-json\/wp\/v2\/product\/193","targetHints":{"allow":["GET"]}}],"collection":[{"href":"https:\/\/excelenciaeditorial.com.br\/loja\/wp-json\/wp\/v2\/product"}],"about":[{"href":"https:\/\/excelenciaeditorial.com.br\/loja\/wp-json\/wp\/v2\/types\/product"}],"replies":[{"embeddable":true,"href":"https:\/\/excelenciaeditorial.com.br\/loja\/wp-json\/wp\/v2\/comments?post=193"}],"wp:featuredmedia":[{"embeddable":true,"href":"https:\/\/excelenciaeditorial.com.br\/loja\/wp-json\/wp\/v2\/media\/1087"}],"wp:attachment":[{"href":"https:\/\/excelenciaeditorial.com.br\/loja\/wp-json\/wp\/v2\/media?parent=193"}],"wp:term":[{"taxonomy":"product_brand","embeddable":true,"href":"https:\/\/excelenciaeditorial.com.br\/loja\/wp-json\/wp\/v2\/product_brand?post=193"},{"taxonomy":"product_cat","embeddable":true,"href":"https:\/\/excelenciaeditorial.com.br\/loja\/wp-json\/wp\/v2\/product_cat?post=193"},{"taxonomy":"product_tag","embeddable":true,"href":"https:\/\/excelenciaeditorial.com.br\/loja\/wp-json\/wp\/v2\/product_tag?post=193"}],"curies":[{"name":"wp","href":"https:\/\/api.w.org\/{rel}","templated":true}]}}